{"id":46,"date":"2025-07-24T09:02:18","date_gmt":"2025-07-24T07:02:18","guid":{"rendered":"http:\/\/www.bigbandfelixeslovacka.cz\/?page_id=46"},"modified":"2025-07-24T11:51:04","modified_gmt":"2025-07-24T09:51:04","slug":"ahoj","status":"publish","type":"page","link":"https:\/\/www.bigbandfelixeslovacka.cz\/","title":{"rendered":"BBFS"},"content":{"rendered":"\n<h3 class=\"wp-block-heading has-first-color has-text-color has-link-color wp-elements-1ff063ba4a6631c733dd7ef2fb42d529\"><strong>Big Band Felixe Slov\u00e1\u010dka<\/strong><\/h3>\n\n\n\n<p class=\"has-first-color has-text-color has-link-color wp-elements-7ea3022582a6188b96c0d1873288ff00\"><strong>Hudba, kter\u00e1 spojuje generace<\/strong><\/p>\n\n\n\n<p>Big Band Felixe Slov\u00e1\u010dka je symbolem \u010desk\u00e9 swingov\u00e9, jazzov\u00e9 a popul\u00e1rn\u00ed hudby. Ji\u017e v\u00edce ne\u017e 40 let p\u0159in\u00e1\u0161\u00ed publiku nezapomenuteln\u00e9 koncerty pln\u00e9 energie, emoc\u00ed a \u0161pi\u010dkov\u00e9ho hudebn\u00edho um\u011bn\u00ed. Orchestr veden\u00fd legend\u00e1rn\u00edm saxofonistou a klarinetistou Felixem Slov\u00e1\u010dkem navazuje na tradici slavn\u00fdch big band\u016f 20. stolet\u00ed a s eleganc\u00ed ji propojuje se sou\u010dasnost\u00ed.<\/p>\n\n\n\n<p>Na\u0161e vystoupen\u00ed nejsou jen koncerty \u2013 jsou to hudebn\u00ed z\u00e1\u017eitky, kde se setk\u00e1v\u00e1 precizn\u00ed aran\u017em\u00e1, strhuj\u00edc\u00ed jazzov\u00e1 s\u00f3la a charisma cel\u00e9 kapely. Jazz je pro n\u00e1s srdcem, ale neboj\u00edme se p\u0159ekra\u010dovat \u017e\u00e1nrov\u00e9 hranice \u2013 spojujeme swing, filmovou hudbu, klasiku i modern\u00ed pop v bigbandov\u00e9m h\u00e1vu.<\/p>\n\n\n\n<p>Vystupujeme na presti\u017en\u00edch koncertech, festivalech, kulturn\u00edch ud\u00e1lostech i sout\u011b\u017e\u00edch, ale tak\u00e9 na soukrom\u00fdch a firemn\u00edch akc\u00edch. Hudbu p\u0159izp\u016fsobujeme atmosf\u00e9\u0159e ka\u017ed\u00e9 p\u0159\u00edle\u017eitosti \u2013 a\u0165 u\u017e jde o slavnostn\u00ed gala ve\u010der, m\u011bstsk\u00e9 slavnosti nebo elegantn\u00ed firemn\u00ed ve\u010d\u00edrek.<\/p>\n\n\n\n<p>Spolupracujeme s p\u0159edn\u00edmi \u010desk\u00fdmi i zahrani\u010dn\u00edmi zp\u011bv\u00e1ky a nikdy nezapom\u00edn\u00e1me na to nejd\u016fle\u017eit\u011bj\u0161\u00ed \u2013 <strong>div\u00e1ka<\/strong>.<\/p>\n\n\n\n<p>A\u0165 u\u017e jste milovn\u00edci jazzu, swingu, filmov\u00e9 hudby nebo modern\u00edho zvuku, Big Band Felixe Slov\u00e1\u010dka v\u00e1s oslov\u00ed.<\/p>\n\n\n\n<p>\ud83c\udfb6 P\u0159ij\u010fte si n\u00e1s poslechnout na\u017eivo \u2013 hudba mluv\u00ed za v\u0161e.<br><\/p>\n\n\n\n<div class=\"wp-block-group is-vertical is-layout-flex wp-container-core-group-is-layout-8cf370e7 wp-block-group-is-layout-flex\">\n<p><strong>\ud83c\uddec\ud83c\udde7<\/strong> <strong><a href=\"http:\/\/www.bigbandfelixeslovacka.cz\/index.php\/bbfs-2\/\" data-type=\"page\" data-id=\"81\">Version in English<\/a><\/strong><\/p>\n\n\n\n<p><strong><strong>\ud83c\udde9\ud83c\uddea<\/strong><\/strong> <strong><a href=\"http:\/\/www.bigbandfelixeslovacka.cz\/index.php\/bbfs-d\/\" data-type=\"page\" data-id=\"81\">Version auf Deutsch<\/a><\/strong><\/p>\n<\/div>\n\n\n\n<figure class=\"wp-block-image size-full\"><img fetchpriority=\"high\" decoding=\"async\" width=\"857\" height=\"540\" src=\"http:\/\/www.bigbandfelixeslovacka.cz\/wp-content\/uploads\/2025\/07\/bbfs-1.png\" alt=\"\" class=\"wp-image-50\" srcset=\"https:\/\/www.bigbandfelixeslovacka.cz\/wp-content\/uploads\/2025\/07\/bbfs-1.png 857w, https:\/\/www.bigbandfelixeslovacka.cz\/wp-content\/uploads\/2025\/07\/bbfs-1-300x189.png 300w, https:\/\/www.bigbandfelixeslovacka.cz\/wp-content\/uploads\/2025\/07\/bbfs-1-768x484.png 768w, https:\/\/www.bigbandfelixeslovacka.cz\/wp-content\/uploads\/2025\/07\/bbfs-1-800x504.png 800w\" sizes=\"(max-width: 857px) 100vw, 857px\" \/><\/figure>\n\n\n\n<p><\/p>\n","protected":false},"excerpt":{"rendered":"<p>Big Band Felixe Slov\u00e1\u010dka Hudba, kter\u00e1 spojuje generace Big Band Felixe Slov\u00e1\u010dka je symbolem \u010desk\u00e9 swingov\u00e9, jazzov\u00e9 a popul\u00e1rn\u00ed hudby. Ji\u017e v\u00edce ne\u017e 40 let p\u0159in\u00e1\u0161\u00ed publiku nezapomenuteln\u00e9 koncerty pln\u00e9 energie, emoc\u00ed a \u0161pi\u010dkov\u00e9ho hudebn\u00edho um\u011bn\u00ed. Orchestr veden\u00fd legend\u00e1rn\u00edm saxofonistou a klarinetistou Felixem Slov\u00e1\u010dkem navazuje na tradici slavn\u00fdch big band\u016f 20. stolet\u00ed a s eleganc\u00ed [&hellip;]<\/p>\n","protected":false},"author":1,"featured_media":0,"parent":0,"menu_order":0,"comment_status":"closed","ping_status":"closed","template":"","meta":{"footnotes":""},"class_list":["post-46","page","type-page","status-publish","hentry"],"_links":{"self":[{"href":"https:\/\/www.bigbandfelixeslovacka.cz\/index.php\/wp-json\/wp\/v2\/pages\/46","targetHints":{"allow":["GET"]}}],"collection":[{"href":"https:\/\/www.bigbandfelixeslovacka.cz\/index.php\/wp-json\/wp\/v2\/pages"}],"about":[{"href":"https:\/\/www.bigbandfelixeslovacka.cz\/index.php\/wp-json\/wp\/v2\/types\/page"}],"author":[{"embeddable":true,"href":"https:\/\/www.bigbandfelixeslovacka.cz\/index.php\/wp-json\/wp\/v2\/users\/1"}],"replies":[{"embeddable":true,"href":"https:\/\/www.bigbandfelixeslovacka.cz\/index.php\/wp-json\/wp\/v2\/comments?post=46"}],"version-history":[{"count":25,"href":"https:\/\/www.bigbandfelixeslovacka.cz\/index.php\/wp-json\/wp\/v2\/pages\/46\/revisions"}],"predecessor-version":[{"id":109,"href":"https:\/\/www.bigbandfelixeslovacka.cz\/index.php\/wp-json\/wp\/v2\/pages\/46\/revisions\/109"}],"wp:attachment":[{"href":"https:\/\/www.bigbandfelixeslovacka.cz\/index.php\/wp-json\/wp\/v2\/media?parent=46"}],"curies":[{"name":"wp","href":"https:\/\/api.w.org\/{rel}","templated":true}]}}