{"id":90,"date":"2025-07-24T11:34:45","date_gmt":"2025-07-24T09:34:45","guid":{"rendered":"http:\/\/www.bigbandfelixeslovacka.cz\/?page_id=90"},"modified":"2025-07-24T11:49:00","modified_gmt":"2025-07-24T09:49:00","slug":"bbfs-d","status":"publish","type":"page","link":"http:\/\/www.bigbandfelixeslovacka.cz\/index.php\/bbfs-d\/","title":{"rendered":"BBFS \ud83c\udde9\ud83c\uddea"},"content":{"rendered":"\n<h3 class=\"wp-block-heading has-first-color has-text-color has-link-color wp-elements-cbc712753a3e9e752a306ed0c2ed3726\"><strong>Felix Slov\u00e1\u010dek Big Band<\/strong><\/h3>\n\n\n\n<p class=\"has-first-color has-text-color has-link-color wp-elements-ff6433311d0c861d073399283c1544e1\"><strong>Musik, die Generationen verbindet<\/strong><\/p>\n\n\n\n<p>Der Felix Slov\u00e1\u010dek Big Band ist ein Symbol f\u00fcr tschechischen Swing, Jazz und Popmusik. Seit \u00fcber 40 Jahren begeistert das Orchester das Publikum mit unvergesslichen Konzerten voller Energie, Emotionen und musikalischer Spitzenqualit\u00e4t. Unter der Leitung des legend\u00e4ren Saxofonisten und Klarinettisten Felix Slov\u00e1\u010dek kn\u00fcpft die Band an die Tradition der gro\u00dfen Big Bands des 20. Jahrhunderts an und verbindet sie elegant mit modernen Einfl\u00fcssen.<\/p>\n\n\n\n<p>Unsere Auftritte sind mehr als nur Konzerte \u2013 sie sind musikalische Erlebnisse, bei denen meisterhafte Arrangements, kraftvolle Jazz-Soli und die Ausstrahlung des gesamten Ensembles aufeinandertreffen. Jazz bildet das Herzst\u00fcck unseres Sounds, doch wir \u00fcberschreiten bewusst Genregrenzen \u2013 und kombinieren Swing, Filmmusik, klassische Elemente und modernen Pop zu einem einzigartigen Big-Band-Stil.<\/p>\n\n\n\n<p>Wir treten bei renommierten Konzerten, Festivals, kulturellen Veranstaltungen und Wettbewerben auf \u2013 ebenso wie bei privaten Feiern und Firmen-Events. Ob Galaabend, Stadtfest oder exklusive Unternehmensfeier \u2013 unsere Musik passt sich der Atmosph\u00e4re jeder Veranstaltung an.<\/p>\n\n\n\n<p>Wir arbeiten mit f\u00fchrenden tschechischen und internationalen S\u00e4ngerinnen und S\u00e4ngern zusammen \u2013 und vergessen nie das Wichtigste: <strong>unser Publikum<\/strong>.<\/p>\n\n\n\n<p>Ob Sie Jazz, Swing, Filmmusik oder modernen Big-Band-Pop lieben \u2013 der Felix Slov\u00e1\u010dek Big Band wird Sie begeistern.<\/p>\n\n\n\n<p>\ud83c\udfb6 Erleben Sie uns live \u2013 Musik sagt mehr als tausend Worte.<\/p>\n","protected":false},"excerpt":{"rendered":"<p>Felix Slov\u00e1\u010dek Big Band Musik, die Generationen verbindet Der Felix Slov\u00e1\u010dek Big Band ist ein Symbol f\u00fcr tschechischen Swing, Jazz und Popmusik. Seit \u00fcber 40 Jahren begeistert das Orchester das Publikum mit unvergesslichen Konzerten voller Energie, Emotionen und musikalischer Spitzenqualit\u00e4t. Unter der Leitung des legend\u00e4ren Saxofonisten und Klarinettisten Felix Slov\u00e1\u010dek kn\u00fcpft die Band an die [&hellip;]<\/p>\n","protected":false},"author":1,"featured_media":0,"parent":0,"menu_order":0,"comment_status":"closed","ping_status":"closed","template":"","meta":{"footnotes":""},"class_list":["post-90","page","type-page","status-publish","hentry"],"_links":{"self":[{"href":"http:\/\/www.bigbandfelixeslovacka.cz\/index.php\/wp-json\/wp\/v2\/pages\/90","targetHints":{"allow":["GET"]}}],"collection":[{"href":"http:\/\/www.bigbandfelixeslovacka.cz\/index.php\/wp-json\/wp\/v2\/pages"}],"about":[{"href":"http:\/\/www.bigbandfelixeslovacka.cz\/index.php\/wp-json\/wp\/v2\/types\/page"}],"author":[{"embeddable":true,"href":"http:\/\/www.bigbandfelixeslovacka.cz\/index.php\/wp-json\/wp\/v2\/users\/1"}],"replies":[{"embeddable":true,"href":"http:\/\/www.bigbandfelixeslovacka.cz\/index.php\/wp-json\/wp\/v2\/comments?post=90"}],"version-history":[{"count":2,"href":"http:\/\/www.bigbandfelixeslovacka.cz\/index.php\/wp-json\/wp\/v2\/pages\/90\/revisions"}],"predecessor-version":[{"id":93,"href":"http:\/\/www.bigbandfelixeslovacka.cz\/index.php\/wp-json\/wp\/v2\/pages\/90\/revisions\/93"}],"wp:attachment":[{"href":"http:\/\/www.bigbandfelixeslovacka.cz\/index.php\/wp-json\/wp\/v2\/media?parent=90"}],"curies":[{"name":"wp","href":"https:\/\/api.w.org\/{rel}","templated":true}]}}